{"id":60,"date":"2017-03-17T07:31:15","date_gmt":"2017-03-17T06:31:15","guid":{"rendered":"http:\/\/ny.ringriderprogram.dk\/?page_id=60"},"modified":"2019-05-13T11:12:00","modified_gmt":"2019-05-13T09:12:00","slug":"regler-for-jydske-vestkystens-kongeridning","status":"publish","type":"page","link":"https:\/\/ringriderprogram.dk\/?page_id=60","title":{"rendered":"Regler for deltagelse i Kongeridning"},"content":{"rendered":"<p><strong><span style=\"text-decoration: underline;\">Ringriderprogrammets Kongeridninger:<\/span><\/strong><\/p>\n<p>1. Foreninger der \u00f8nsker at afholde kongeridning enten for b\u00f8rn eller voksne, sender en skriftlig ans\u00f8gning til Ringriderprogrammets bestyrelse. Foreninger er velkommen til at ans\u00f8ge flere \u00e5r frem, og gerne i forbindelse med et jubil\u00e6um.<\/p>\n<p>2. Det tilstr\u00e6bes, at afholdelsen fordeles over landsdelen, s\u00e5ledes at der veksles mellem pladering og almindelig ring.<\/p>\n<p>3. Beslutningen om hvor de to kongeridninger skal afholdes, bliver bestemt senest den 1. februar og offentligg\u00f8res p\u00e5 Ringriderprogrammets generalforsamling.<\/p>\n<p>4. Der er krans og b\u00e5nd til konge, kronprins og prins. Kongen f\u00e5r ligeledes en vandrepokal. Der er pengepr\u00e6mier til de bedst placeret, antallet afh\u00e6nger af antallet af deltagere og fasts\u00e6ttes af Ringriderprogrammets bestyrelse. Der uddeles rosetter med Ringriderprogrammets logo til alle deltagende b\u00f8rn. Ringriderprogrammets bestyrelse s\u00f8rger for ovenst\u00e5ende ting.<\/p>\n<p>5. Omridningen afholdes s\u00e5 vidt det er muligt i den store pause, hvor medlemmer af Ringriderprogrammets bestyrelse vil v\u00e6re til stede.<\/p>\n<p>&nbsp;<\/p>\n<p><strong><span style=\"text-decoration: underline;\">Regler for deltagelse i Ringriderprogrammets Kongeridninger:<\/span><\/strong><\/p>\n<p>1. Alle der har v\u00e6ret pladskonge eller b\u00f8rnekonge det foreg\u00e5ende \u00e5r kan deltage. Dog er det et krav, at der har st\u00e5et en forening bag det ringridning, hvor den p\u00e5g\u00e6ldende rytter er blevet konge, OG at resultatet er optaget p\u00e5 Ringriderprogrammets resultatliste her p\u00e5 hjemmesiden.<\/p>\n<p>2. Alle ryttere kan deltage, uanset antal ringe p\u00e5 dagen.<\/p>\n<p>3. B\u00f8rnekonger der i mellemtiden er fyldt 15 \u00e5r, kan deltage p\u00e5 titler fra \u00e5ret i forvejen.<\/p>\n","protected":false},"excerpt":{"rendered":"<p>Ringriderprogrammets Kongeridninger: 1. Foreninger der \u00f8nsker at afholde kongeridning enten for b\u00f8rn eller voksne, sender en skriftlig ans\u00f8gning til Ringriderprogrammets bestyrelse. Foreninger er velkommen til at ans\u00f8ge flere \u00e5r frem, og gerne i forbindelse med et jubil\u00e6um. 2. Det tilstr\u00e6bes, at afholdelsen fordeles over landsdelen, s\u00e5ledes at der veksles mellem pladering og almindelig ring. 3. &hellip; <a href=\"https:\/\/ringriderprogram.dk\/?page_id=60\" class=\"more-link\">L\u00e6s videre<span class=\"screen-reader-text\"> &#8220;Regler for deltagelse i Kongeridning&#8221;<\/span><\/a><\/p>\n","protected":false},"author":2,"featured_media":0,"parent":0,"menu_order":0,"comment_status":"closed","ping_status":"closed","template":"","meta":{"footnotes":""},"class_list":["post-60","page","type-page","status-publish","hentry"],"_links":{"self":[{"href":"https:\/\/ringriderprogram.dk\/index.php?rest_route=\/wp\/v2\/pages\/60","targetHints":{"allow":["GET"]}}],"collection":[{"href":"https:\/\/ringriderprogram.dk\/index.php?rest_route=\/wp\/v2\/pages"}],"about":[{"href":"https:\/\/ringriderprogram.dk\/index.php?rest_route=\/wp\/v2\/types\/page"}],"author":[{"embeddable":true,"href":"https:\/\/ringriderprogram.dk\/index.php?rest_route=\/wp\/v2\/users\/2"}],"replies":[{"embeddable":true,"href":"https:\/\/ringriderprogram.dk\/index.php?rest_route=%2Fwp%2Fv2%2Fcomments&post=60"}],"version-history":[{"count":4,"href":"https:\/\/ringriderprogram.dk\/index.php?rest_route=\/wp\/v2\/pages\/60\/revisions"}],"predecessor-version":[{"id":241,"href":"https:\/\/ringriderprogram.dk\/index.php?rest_route=\/wp\/v2\/pages\/60\/revisions\/241"}],"wp:attachment":[{"href":"https:\/\/ringriderprogram.dk\/index.php?rest_route=%2Fwp%2Fv2%2Fmedia&parent=60"}],"curies":[{"name":"wp","href":"https:\/\/api.w.org\/{rel}","templated":true}]}}